{"id":10864,"date":"2021-11-17T08:28:43","date_gmt":"2021-11-17T00:28:43","guid":{"rendered":"https:\/\/www.kawayanholidayresort.com\/?page_id=10864"},"modified":"2023-10-28T16:42:28","modified_gmt":"2023-10-28T08:42:28","slug":"datenschutzerklaerung","status":"publish","type":"page","link":"https:\/\/www.kawayanholidayresort.com\/de\/datenschutzerklaerung\/","title":{"rendered":"Datenschutzerkl\u00e4rung"},"content":{"rendered":"\t\t<div data-elementor-type=\"wp-page\" data-elementor-id=\"10864\" class=\"elementor elementor-10864\" data-elementor-settings=\"{&quot;element_pack_global_tooltip_width&quot;:{&quot;unit&quot;:&quot;px&quot;,&quot;size&quot;:&quot;&quot;,&quot;sizes&quot;:[]},&quot;element_pack_global_tooltip_width_laptop&quot;:{&quot;unit&quot;:&quot;px&quot;,&quot;size&quot;:&quot;&quot;,&quot;sizes&quot;:[]},&quot;element_pack_global_tooltip_width_tablet_extra&quot;:{&quot;unit&quot;:&quot;px&quot;,&quot;size&quot;:&quot;&quot;,&quot;sizes&quot;:[]},&quot;element_pack_global_tooltip_width_tablet&quot;:{&quot;unit&quot;:&quot;px&quot;,&quot;size&quot;:&quot;&quot;,&quot;sizes&quot;:[]},&quot;element_pack_global_tooltip_width_mobile_extra&quot;:{&quot;unit&quot;:&quot;px&quot;,&quot;size&quot;:&quot;&quot;,&quot;sizes&quot;:[]},&quot;element_pack_global_tooltip_width_mobile&quot;:{&quot;unit&quot;:&quot;px&quot;,&quot;size&quot;:&quot;&quot;,&quot;sizes&quot;:[]},&quot;element_pack_global_tooltip_padding&quot;:{&quot;unit&quot;:&quot;px&quot;,&quot;top&quot;:&quot;&quot;,&quot;right&quot;:&quot;&quot;,&quot;bottom&quot;:&quot;&quot;,&quot;left&quot;:&quot;&quot;,&quot;isLinked&quot;:true},&quot;element_pack_global_tooltip_padding_laptop&quot;:{&quot;unit&quot;:&quot;px&quot;,&quot;top&quot;:&quot;&quot;,&quot;right&quot;:&quot;&quot;,&quot;bottom&quot;:&quot;&quot;,&quot;left&quot;:&quot;&quot;,&quot;isLinked&quot;:true},&quot;element_pack_global_tooltip_padding_tablet_extra&quot;:{&quot;unit&quot;:&quot;px&quot;,&quot;top&quot;:&quot;&quot;,&quot;right&quot;:&quot;&quot;,&quot;bottom&quot;:&quot;&quot;,&quot;left&quot;:&quot;&quot;,&quot;isLinked&quot;:true},&quot;element_pack_global_tooltip_padding_tablet&quot;:{&quot;unit&quot;:&quot;px&quot;,&quot;top&quot;:&quot;&quot;,&quot;right&quot;:&quot;&quot;,&quot;bottom&quot;:&quot;&quot;,&quot;left&quot;:&quot;&quot;,&quot;isLinked&quot;:true},&quot;element_pack_global_tooltip_padding_mobile_extra&quot;:{&quot;unit&quot;:&quot;px&quot;,&quot;top&quot;:&quot;&quot;,&quot;right&quot;:&quot;&quot;,&quot;bottom&quot;:&quot;&quot;,&quot;left&quot;:&quot;&quot;,&quot;isLinked&quot;:true},&quot;element_pack_global_tooltip_padding_mobile&quot;:{&quot;unit&quot;:&quot;px&quot;,&quot;top&quot;:&quot;&quot;,&quot;right&quot;:&quot;&quot;,&quot;bottom&quot;:&quot;&quot;,&quot;left&quot;:&quot;&quot;,&quot;isLinked&quot;:true},&quot;element_pack_global_tooltip_border_radius&quot;:{&quot;unit&quot;:&quot;px&quot;,&quot;top&quot;:&quot;&quot;,&quot;right&quot;:&quot;&quot;,&quot;bottom&quot;:&quot;&quot;,&quot;left&quot;:&quot;&quot;,&quot;isLinked&quot;:true},&quot;element_pack_global_tooltip_border_radius_laptop&quot;:{&quot;unit&quot;:&quot;px&quot;,&quot;top&quot;:&quot;&quot;,&quot;right&quot;:&quot;&quot;,&quot;bottom&quot;:&quot;&quot;,&quot;left&quot;:&quot;&quot;,&quot;isLinked&quot;:true},&quot;element_pack_global_tooltip_border_radius_tablet_extra&quot;:{&quot;unit&quot;:&quot;px&quot;,&quot;top&quot;:&quot;&quot;,&quot;right&quot;:&quot;&quot;,&quot;bottom&quot;:&quot;&quot;,&quot;left&quot;:&quot;&quot;,&quot;isLinked&quot;:true},&quot;element_pack_global_tooltip_border_radius_tablet&quot;:{&quot;unit&quot;:&quot;px&quot;,&quot;top&quot;:&quot;&quot;,&quot;right&quot;:&quot;&quot;,&quot;bottom&quot;:&quot;&quot;,&quot;left&quot;:&quot;&quot;,&quot;isLinked&quot;:true},&quot;element_pack_global_tooltip_border_radius_mobile_extra&quot;:{&quot;unit&quot;:&quot;px&quot;,&quot;top&quot;:&quot;&quot;,&quot;right&quot;:&quot;&quot;,&quot;bottom&quot;:&quot;&quot;,&quot;left&quot;:&quot;&quot;,&quot;isLinked&quot;:true},&quot;element_pack_global_tooltip_border_radius_mobile&quot;:{&quot;unit&quot;:&quot;px&quot;,&quot;top&quot;:&quot;&quot;,&quot;right&quot;:&quot;&quot;,&quot;bottom&quot;:&quot;&quot;,&quot;left&quot;:&quot;&quot;,&quot;isLinked&quot;:true}}\">\n\t\t\t\t\t\t<section class=\"elementor-section elementor-top-section elementor-element elementor-element-b5964dd elementor-section-boxed elementor-section-height-default elementor-section-height-default magic-button-disabled-no\" data-id=\"b5964dd\" data-element_type=\"section\" data-e-type=\"section\">\n\t\t\t\t\t\t<div class=\"elementor-container elementor-column-gap-default\">\n\t\t\t\t\t<div class=\"elementor-column elementor-col-100 elementor-top-column elementor-element elementor-element-5cedfef\" data-id=\"5cedfef\" data-element_type=\"column\" data-e-type=\"column\">\n\t\t\t<div class=\"elementor-widget-wrap elementor-element-populated\">\n\t\t\t\t\t\t<div class=\"elementor-element elementor-element-bf00199 elementor-widget elementor-widget-bdt-advanced-heading\" data-id=\"bf00199\" data-element_type=\"widget\" data-e-type=\"widget\" data-widget_type=\"bdt-advanced-heading.default\">\n\t\t\t\t<div class=\"elementor-widget-container\">\n\t\t\t\t\t<div id=\"bf00199\" class=\"bdt-ep-advanced-heading\" data-settings=\"{&quot;titleMultiColor&quot;:&quot;no&quot;}\"><div class=\"bdt-ep-advanced-heading-content \"><div class=\"bdt-transform-origin-top-left\">PRIVACY<\/div><\/div><h2 class=\"bdt-ep-advanced-heading-title\"><span class=\"bdt-ep-advanced-heading-main-title\"><span class=\"bdt-ep-advanced-heading-main-title-inner\">Datenschutzerkl\u00e4rung<\/span><\/span><\/h2><\/div>\t\t\t\t<\/div>\n\t\t\t\t<\/div>\n\t\t\t\t\t<\/div>\n\t\t<\/div>\n\t\t\t\t\t<\/div>\n\t\t<\/section>\n\t\t\t\t<section class=\"elementor-section elementor-top-section elementor-element elementor-element-698064cb elementor-section-boxed elementor-section-height-default elementor-section-height-default magic-button-disabled-no\" data-id=\"698064cb\" data-element_type=\"section\" data-e-type=\"section\">\n\t\t\t\t\t\t<div class=\"elementor-container elementor-column-gap-default\">\n\t\t\t\t\t<div class=\"elementor-column elementor-col-100 elementor-top-column elementor-element elementor-element-5312bd32\" data-id=\"5312bd32\" data-element_type=\"column\" data-e-type=\"column\">\n\t\t\t<div class=\"elementor-widget-wrap elementor-element-populated\">\n\t\t\t\t\t\t<div class=\"elementor-element elementor-element-443b998f elementor-widget elementor-widget-text-editor\" data-id=\"443b998f\" data-element_type=\"widget\" data-e-type=\"widget\" data-widget_type=\"text-editor.default\">\n\t\t\t\t<div class=\"elementor-widget-container\">\n\t\t\t\t\t\t\t\t\t<h4>Verantwortliche Stelle<\/h4>\n<p>Verantwortliche Stelle f&uuml;r die Erhebung, Verarbeitung und Nutzung Ihrer personenbezogenen Daten im Sinne des Bundesdatenschutzgesetzes (BDSG) ist<br \/><br \/>Kawayan Holiday Resort operated by Kawayan Real Estate Ventures. Inc, Cangmunag, San Juan 6227, Siquijor Philippines<br \/><br \/>Sofern Sie der Erhebung, Verarbeitung oder Nutzung Ihrer Daten durch Kawayan Holiday Resort operated by Kawayan Real Estate Ventures. Inc gem&auml;&szlig; den datenschutzrechtlichen Bestimmungen insgesamt oder f&uuml;r einzelne Ma&szlig;nahmen widersprechen m&ouml;chten, richten Sie Ihren Widerspruch per Brief an folgende Kontaktdaten:<br \/><br \/>Kawayan Real Estate Ventures. Inc, Cangmunag, San Juan 6227, Siquijor Philippines<br \/><br \/>Wir legen gr&ouml;&szlig;ten Wert auf den Schutz Ihrer Daten und die Wahrung Ihrer Privatsph&auml;re. Nachstehend informieren wir Sie deshalb &uuml;ber die Erhebung und Verwendung pers&ouml;nlicher Daten bei Nutzung unserer Webseite.<\/p>\n<h4>Erheben, Speichern und Verwenden personenbezogener Daten<\/h4>\n<p>Bei dem Besuch unserer Website erheben, verwenden und speichern wir Ihre personenbezogenen Daten. Personenbezogene Daten sind nach &sect; 3 Abs. 1 BDSG Einzelangaben &uuml;ber pers&ouml;nliche oder sachliche Verh&auml;ltnisse einer bestimmten oder bestimmbaren nat&uuml;rlichen Person (Betroffener).<\/p>\n<h4>Datenerhebung unter strenger Beachtung der Gesetze<\/h4>\n<p>Bei der Erhebung, dem Verwenden und Speichern von personenbezogenen Daten beachten wir die Vorschriften des Bundesdatenschutzgesetzes, des Telemediengesetzes und ggf. weiterer anwendbarer Datenschutzbestimmungen. Alle Kundendaten werden unter Beachtung der einschl&auml;gigen Vorschriften des Bundesdatenschutzgesetzes (BDSG) und des Telemediengesetzes (TMG) von uns gespeichert und verarbeitet<\/p>\n<h4>Keine Datenerhebung und -weitergabe ohne Ihre ausdr&uuml;ckliche Einwilligung<\/h4>\n<p>Wir erheben, verarbeiten und nutzen Ihre pers&ouml;nlichen Daten nur dann, wenn Sie darin zuvor ausdr&uuml;cklich eingewilligt haben. Diese Einwilligung k&ouml;nnen Sie jederzeit widerrufen durch eine Nachricht an:<br \/><br \/>Kawayan Real Estate Ventures. Inc, Cangmunag, San Juan 6227, Siquijor Philippines<br \/><br \/>Wir geben Ihre personenbezogenen Daten einschlie&szlig;lich Ihrer Haus-Adresse und E-Mail-Adresse nicht ohne Ihre ausdr&uuml;ckliche und jederzeit widerrufliche Einwilligung an Dritte weiter. Ausgenommen hiervon sind unsere Dienstleistungspartner, die zur Bestellabwicklung die &Uuml;bermittlung von Daten ben&ouml;tigen (z.B. das mit der Lieferung beauftragte Versandunternehmen und das mit der Zahlungsabwicklung beauftragte Kreditinstitut). In diesen F&auml;llen beschr&auml;nkt sich der Umfang der &uuml;bermittelten Daten jedoch nur auf das erforderliche Minimum<\/p>\n<h4>Newsletter<\/h4>\n<p>Wir nutzen Ihre E-Mail-Adresse unabh&auml;ngig von der Vertragsabwicklung ausschlie&szlig;lich f&uuml;r eigene Werbezwecke zum Newsletterversand, sofern Sie dem ausdr&uuml;cklich zugestimmt haben. Sie k&ouml;nnen den Newsletter jederzeit unter Nutzung des entsprechenden Links im Newsletter oder durch Nachricht an uns abbestellen. Die Kontaktdaten hierzu finden Sie in unserem Impressum. Ihre E-Mail-Adresse wird danach umgehend gel&ouml;scht<\/p>\n<h4>Cookies<\/h4>\n<p>Unsere Internetseite verwendet an mehreren Stellen so genannte Cookies. &bdquo;Cookies&ldquo; sind kleine Textdateien, die auf Ihrem Rechner abgelegt werden und die Ihr Browser speichert. Sie dienen dazu, unser Angebot nutzerfreundlicher, effektiver und sicherer zu machen. Des Weiteren erm&ouml;glichen Cookies unseren Systemen, Ihren Browser zu erkennen und Ihnen Services anzubieten. Cookies enthalten keine personenbezogenen Daten. Sie haben die M&ouml;glichkeit, das Abspeichern von Cookies auf Ihrem Rechner durch entsprechende Einstellungen in Ihrem Browser zu verhindern. Hierdurch k&ouml;nnte allerdings der Funktionsumfang unseres Angebotes eingeschr&auml;nkt werden<\/p>\n<h4>Google-Analytics<\/h4>\n<p>Diese Website benutzt Google Analytics, einen Webanalysedienst der Google Inc. (&bdquo;Google&ldquo;). Google Analytics verwendet sog. &bdquo;Cookies&ldquo;, Textdateien, die auf Ihrem Computer gespeichert werden und die eine Analyse der Benutzung der Website durch Sie erm&ouml;glichen. Die durch den Cookie erzeugten Informationen &uuml;ber Ihre Benutzung dieser Website werden in der Regel an einen Server von Google in den USA &uuml;bertragen und dort gespeichert. Im Falle der Aktivierung der IP-Anonymisierung auf dieser Webseite wird Ihre IP-Adresse von Google jedoch innerhalb von Mitgliedstaaten der Europ&auml;ischen Union oder in anderen Vertragsstaaten des Abkommens &uuml;ber den Europ&auml;ischen Wirtschaftsraum zuvor gek&uuml;rzt. Nur in Ausnahmef&auml;llen wird die volle IP-Adresse an einen Server von Google in den USA &uuml;bertragen und dort gek&uuml;rzt. Die IP-Anonymisierung ist auf dieser Website aktiv. Im Auftrag des Betreibers dieser Website wird Google diese Informationen benutzen, um Ihre Nutzung der Website auszuwerten, um Reports &uuml;ber die Websiteaktivit&auml;ten zusammenzustellen und um weitere mit der Websitenutzung und der Internetnutzung verbundene Dienstleistungen gegen&uuml;ber dem Websitebetreiber zu erbringen. Die im Rahmen von Google Analytics von Ihrem Browser &uuml;bermittelte IP-Adresse wird nicht mit anderen Daten von Google zusammengef&uuml;hrt. Sie k&ouml;nnen die Speicherung der Cookies durch eine entsprechende Einstellung Ihrer Browser-Software verhindern; wir weisen Sie jedoch darauf hin, dass Sie in diesem Fall gegebenenfalls nicht s&auml;mtliche Funktionen dieser Website vollumf&auml;nglich werden nutzen k&ouml;nnen. Sie k&ouml;nnen dar&uuml;ber hinaus die Erfassung der durch das Cookie erzeugten und auf Ihre Nutzung der Website bezogenen Daten (inkl. Ihrer IP-Adresse) an Google sowie die Verarbeitung dieser Daten durch Google verhindern, indem Sie das unter dem folgenden Link verf&uuml;gbare Browser-Plugin herunterladen und installieren: <a href=\"http:\/\/tools.google.com\/dlpage\/gaoptout?hl=de\">http:\/\/tools.google.com\/dlpage\/gaoptout?hl=de<\/a><\/p>\n<h4>Verwendung von Social Plugin<\/h4>\n<p>Diese Website benutzt Social Media Plugins folgender Services:<br \/><br \/><\/p>\n<p>&ndash; &bdquo;Facebook-I-Like&ldquo; bzw. &bdquo;Facebook-Gef&auml;llt-mir&ldquo;, betrieben von: Facebook Inc., 1601 S. California Ave, Palo Alto, CA 94304, United States<br \/>&ndash; &bdquo;Twitter&rdquo;: betrieben von: Twitter, Inc., 795 Folsom St., Suite 600, San Francisco, CA 94107, United States<\/p>\n<p>Bei diesen Social Medial Plugins handelt es sich um von den vorgenannten Social-Media-Services entwickelte und zur Verf&uuml;gung gestellte Software, die den automatisierten Datenaustausch zwischen der Website und den Social-Media-Services erm&ouml;glicht. So k&ouml;nnen unter anderem Daten von einem der vorgenannten Social-Media-Services dynamisch auf die Website &uuml;bertragen werden. Gleichzeitig k&ouml;nnen auch Daten der Nutzer dieser Website zum Social-Media-Service &uuml;bertragen werden, u.a. die IP-Adresse. Die Verwendung solcher Social Plugins erkennen Sie an den besonders gekennzeichneten Schaltfl&auml;chen. Bereits beim Anzeigen bzw. Laden der Website k&ouml;nnen personenbezogene Daten mit dem jeweiligen Social-Media-Service ausgetauscht werden. Nutzer haben in diesen F&auml;llen die M&ouml;glichkeit, diesen Datenaustausch ggf. durch &Auml;nderung in den Einstellungen ihres Benutzerkontos auf der Website des jeweiligen Social-Media-Services abzulehnen.<br \/>Die Verwendung des Facebook-Plugins auf der Website erkennen Sie durch das Facebook-Symbol (wei&szlig;es F auf blauer Kachel bzw. &bdquo;Daumen-hoch-Symbol&ldquo;) auf einer entsprechenden Schaltfl&auml;che. Die Verwendung des Twitter-Plugins auf der Website erkennen Sie durch eine Anzeige der Twitter-Logos (wei&szlig;es &bdquo;t&ldquo; auf blauem Grund bzw. blauer Vogel) auf der entsprechenden Schaltfl&auml;che. Durch den Klick auf eine dieser Schaltfl&auml;chen stimmen Sie der Nutzung dieses Plugins und damit auch der Weitergabe von personenbezogenen Daten an den jeweiligen Social-Media-Service zu. Auf die Art und den Umfang der dabei &uuml;bertragenen Daten sowie &uuml;ber deren weitere Verarbeitung haben wir keinen Einfluss. Nach unserem aktuellen Kenntnisstand wird der jeweilige Social-Media-Service dabei &uuml;ber ihre IP-Adresse und &uuml;ber die das Plugin nutzende Website informiert. Sofern Sie gleichzeitig auf der entsprechenden Social-Media-Service-Plattform eingeloggt sind, k&ouml;nnen die Informationen unmittelbar Ihrem Nutzerprofil zugeordnet werden. M&ouml;chten Sie eine solche Sammlung von Profilinformationen vermeiden, sollten Sie sich aus der jeweiligen Social-Media-Service-Plattform ausloggen.<br \/>Weitere Informationen von Facebook zum Umgang mit dem entsprechenden Plugin und dem entsprechenden Social-Media-Service erhalten Sie auf:http:\/\/developers.facebook.com\/plugins. Weitere Informationen von Facebook &uuml;ber die sog. Datenverwendungsrichtlinien erhalten Sie auf: <a href=\"http:\/\/www.facebook.com\/about\/privacy\"> http:\/\/www.facebook.com\/about\/privacy<\/a>.<br \/>Weitere Informationen von Twitter zum Umgang mit diesem Plugin und dem entsprechenden Social-Media-Service erhalten Sie auf https:\/\/twitter.com\/logo. Weitere Informationen von Twitter &uuml;ber ihre Datenschutzrichtlinie erhalten Sie auf: <a href=\"https:\/\/twitter.com\/privacy\">https:\/\/twitter.com\/privacy<\/a><\/p>\n<h4>Auskunft<\/h4>\n<p>Sie haben jederzeit das Recht auf unentgeltliche Auskunft &uuml;ber Ihre gespeicherten Daten sowie das Recht auf Berichtigung, L&ouml;schung bzw. Sperrung. Wenden Sie sich hierzu bitte an die im Impressum angegebene Kontaktadresse. Wir stehen Ihnen jederzeit gern f&uuml;r weitergehende Fragen zu unseren Hinweisen zum Datenschutz und zur Verarbeitung Ihrer pers&ouml;nlichen Daten zur Verf&uuml;gung.<\/p>\t\t\t\t\t\t\t\t<\/div>\n\t\t\t\t<\/div>\n\t\t\t\t\t<\/div>\n\t\t<\/div>\n\t\t\t\t\t<\/div>\n\t\t<\/section>\n\t\t\t\t<\/div>\n\t\t","protected":false},"excerpt":{"rendered":"<p>PRIVACY Datenschutzerkl\u00e4rung Verantwortliche Stelle Verantwortliche Stelle f\u00fcr die Erhebung, Verarbeitung und Nutzung Ihrer personenbezogenen Daten im Sinne des Bundesdatenschutzgesetzes (BDSG) ist Kawayan Holiday Resort operated by Kawayan Real Estate Ventures. Inc, Cangmunag, San Juan 6227, Siquijor Philippines Sofern Sie der Erhebung, Verarbeitung oder Nutzung Ihrer Daten durch Kawayan Holiday Resort operated by Kawayan Real Estate ...<\/p>\n","protected":false},"author":1,"featured_media":0,"parent":0,"menu_order":0,"comment_status":"closed","ping_status":"closed","template":"","meta":{"cozystay_single_page_hide_site_header":"","cozystay_single_page_site_header_source":"custom","cozystay_single_page_custom_site_header":"15509","cozystay_single_page_custom_sticky_site_header":"15509","cozystay_single_page_hide_page_title":"on","cozystay_single_page_header_section_size":"","cozystay_single_page_header_background_color":"","cozystay_single_page_header_background_position_x":"center","cozystay_single_page_header_background_position_y":"center","cozystay_single_page_header_background_size":"cover","cozystay_single_page_header_background_repeat":"off","cozystay_single_page_header_background_scroll":"on","cozystay_single_page_header_text_color":"","cozystay_single_page_header_show_breadcrumb":"","cozystay_single_page_site_footer_hide_main":"","cozystay_single_custom_site_footer_main_source":"","cozystay_single_custom_site_footer_main":"","cozystay_single_page_site_footer_hide_above":"","cozystay_single_custom_site_footer_above_source":"","cozystay_single_custom_site_footer_above":"","cozystay_single_page_site_footer_hide_instagram":"","cozystay_single_page_site_footer_hide_bottom":"","cozystay_single_custom_mobile_menu_source":"","cozystay_single_custom_mobile_menu":"","cozystay_single_custom_mobile_menu_animation":"","cozystay_single_custom_mobile_menu_width":"","cozystay_single_custom_mobile_menu_custom_width":375,"footnotes":""},"class_list":["post-10864","page","type-page","status-publish","hentry"],"yoast_head":"<!-- This site is optimized with the Yoast SEO plugin v27.4 - https:\/\/yoast.com\/product\/yoast-seo-wordpress\/ -->\n<title>Datenschutzerkl\u00e4rung - Kawayan Holiday Resort<\/title>\n<meta name=\"robots\" content=\"index, follow, max-snippet:-1, max-image-preview:large, max-video-preview:-1\" \/>\n<link rel=\"canonical\" href=\"https:\/\/www.kawayanholidayresort.com\/de\/datenschutzerklaerung\/\" \/>\n<meta property=\"og:locale\" content=\"de_DE\" \/>\n<meta property=\"og:type\" content=\"article\" \/>\n<meta property=\"og:title\" content=\"Datenschutzerkl\u00e4rung - Kawayan Holiday Resort\" \/>\n<meta property=\"og:description\" content=\"PRIVACY Datenschutzerkl\u00e4rung Verantwortliche Stelle Verantwortliche Stelle f\u00fcr die Erhebung, Verarbeitung und Nutzung Ihrer personenbezogenen Daten im Sinne des Bundesdatenschutzgesetzes (BDSG) ist Kawayan Holiday Resort operated by Kawayan Real Estate Ventures. Inc, Cangmunag, San Juan 6227, Siquijor Philippines Sofern Sie der Erhebung, Verarbeitung oder Nutzung Ihrer Daten durch Kawayan Holiday Resort operated by Kawayan Real Estate ...\" \/>\n<meta property=\"og:url\" content=\"https:\/\/www.kawayanholidayresort.com\/de\/datenschutzerklaerung\/\" \/>\n<meta property=\"og:site_name\" content=\"Kawayan Holiday Resort\" \/>\n<meta property=\"article:modified_time\" content=\"2023-10-28T08:42:28+00:00\" \/>\n<meta name=\"twitter:card\" content=\"summary_large_image\" \/>\n<meta name=\"twitter:label1\" content=\"Gesch\u00e4tzte Lesezeit\" \/>\n\t<meta name=\"twitter:data1\" content=\"7\u00a0Minuten\" \/>\n<script type=\"application\/ld+json\" class=\"yoast-schema-graph\">{\"@context\":\"https:\\\/\\\/schema.org\",\"@graph\":[{\"@type\":\"WebPage\",\"@id\":\"https:\\\/\\\/www.kawayanholidayresort.com\\\/de\\\/datenschutzerklaerung\\\/\",\"url\":\"https:\\\/\\\/www.kawayanholidayresort.com\\\/de\\\/datenschutzerklaerung\\\/\",\"name\":\"Datenschutzerkl\u00e4rung - Kawayan Holiday Resort\",\"isPartOf\":{\"@id\":\"https:\\\/\\\/www.kawayanholidayresort.com\\\/de\\\/#website\"},\"datePublished\":\"2021-11-17T00:28:43+00:00\",\"dateModified\":\"2023-10-28T08:42:28+00:00\",\"breadcrumb\":{\"@id\":\"https:\\\/\\\/www.kawayanholidayresort.com\\\/de\\\/datenschutzerklaerung\\\/#breadcrumb\"},\"inLanguage\":\"de\",\"potentialAction\":[{\"@type\":\"ReadAction\",\"target\":[\"https:\\\/\\\/www.kawayanholidayresort.com\\\/de\\\/datenschutzerklaerung\\\/\"]}]},{\"@type\":\"BreadcrumbList\",\"@id\":\"https:\\\/\\\/www.kawayanholidayresort.com\\\/de\\\/datenschutzerklaerung\\\/#breadcrumb\",\"itemListElement\":[{\"@type\":\"ListItem\",\"position\":1,\"name\":\"Startseite\",\"item\":\"https:\\\/\\\/www.kawayanholidayresort.com\\\/de\\\/\"},{\"@type\":\"ListItem\",\"position\":2,\"name\":\"Datenschutzerkl\u00e4rung\"}]},{\"@type\":\"WebSite\",\"@id\":\"https:\\\/\\\/www.kawayanholidayresort.com\\\/de\\\/#website\",\"url\":\"https:\\\/\\\/www.kawayanholidayresort.com\\\/de\\\/\",\"name\":\"Kawayan Holiday Resort\",\"description\":\"Erstklassiges European Boutique Resort, Spa &amp; Tauchbasis Siquijor\",\"publisher\":{\"@id\":\"https:\\\/\\\/www.kawayanholidayresort.com\\\/de\\\/#organization\"},\"potentialAction\":[{\"@type\":\"SearchAction\",\"target\":{\"@type\":\"EntryPoint\",\"urlTemplate\":\"https:\\\/\\\/www.kawayanholidayresort.com\\\/de\\\/?s={search_term_string}\"},\"query-input\":{\"@type\":\"PropertyValueSpecification\",\"valueRequired\":true,\"valueName\":\"search_term_string\"}}],\"inLanguage\":\"de\"},{\"@type\":\"Organization\",\"@id\":\"https:\\\/\\\/www.kawayanholidayresort.com\\\/de\\\/#organization\",\"name\":\"Kawayan Holiday Resort\",\"url\":\"https:\\\/\\\/www.kawayanholidayresort.com\\\/de\\\/\",\"logo\":{\"@type\":\"ImageObject\",\"inLanguage\":\"de\",\"@id\":\"https:\\\/\\\/www.kawayanholidayresort.com\\\/de\\\/#\\\/schema\\\/logo\\\/image\\\/\",\"url\":\"https:\\\/\\\/www.kawayanholidayresort.com\\\/wp-content\\\/uploads\\\/2021\\\/08\\\/Logo2021_Color_Dark_300.png\",\"contentUrl\":\"https:\\\/\\\/www.kawayanholidayresort.com\\\/wp-content\\\/uploads\\\/2021\\\/08\\\/Logo2021_Color_Dark_300.png\",\"width\":300,\"height\":104,\"caption\":\"Kawayan Holiday Resort\"},\"image\":{\"@id\":\"https:\\\/\\\/www.kawayanholidayresort.com\\\/de\\\/#\\\/schema\\\/logo\\\/image\\\/\"}}]}<\/script>\n<!-- \/ Yoast SEO plugin. -->","yoast_head_json":{"title":"Datenschutzerkl\u00e4rung - Kawayan Holiday Resort","robots":{"index":"index","follow":"follow","max-snippet":"max-snippet:-1","max-image-preview":"max-image-preview:large","max-video-preview":"max-video-preview:-1"},"canonical":"https:\/\/www.kawayanholidayresort.com\/de\/datenschutzerklaerung\/","og_locale":"de_DE","og_type":"article","og_title":"Datenschutzerkl\u00e4rung - Kawayan Holiday Resort","og_description":"PRIVACY Datenschutzerkl\u00e4rung Verantwortliche Stelle Verantwortliche Stelle f\u00fcr die Erhebung, Verarbeitung und Nutzung Ihrer personenbezogenen Daten im Sinne des Bundesdatenschutzgesetzes (BDSG) ist Kawayan Holiday Resort operated by Kawayan Real Estate Ventures. Inc, Cangmunag, San Juan 6227, Siquijor Philippines Sofern Sie der Erhebung, Verarbeitung oder Nutzung Ihrer Daten durch Kawayan Holiday Resort operated by Kawayan Real Estate ...","og_url":"https:\/\/www.kawayanholidayresort.com\/de\/datenschutzerklaerung\/","og_site_name":"Kawayan Holiday Resort","article_modified_time":"2023-10-28T08:42:28+00:00","twitter_card":"summary_large_image","twitter_misc":{"Gesch\u00e4tzte Lesezeit":"7\u00a0Minuten"},"schema":{"@context":"https:\/\/schema.org","@graph":[{"@type":"WebPage","@id":"https:\/\/www.kawayanholidayresort.com\/de\/datenschutzerklaerung\/","url":"https:\/\/www.kawayanholidayresort.com\/de\/datenschutzerklaerung\/","name":"Datenschutzerkl\u00e4rung - Kawayan Holiday Resort","isPartOf":{"@id":"https:\/\/www.kawayanholidayresort.com\/de\/#website"},"datePublished":"2021-11-17T00:28:43+00:00","dateModified":"2023-10-28T08:42:28+00:00","breadcrumb":{"@id":"https:\/\/www.kawayanholidayresort.com\/de\/datenschutzerklaerung\/#breadcrumb"},"inLanguage":"de","potentialAction":[{"@type":"ReadAction","target":["https:\/\/www.kawayanholidayresort.com\/de\/datenschutzerklaerung\/"]}]},{"@type":"BreadcrumbList","@id":"https:\/\/www.kawayanholidayresort.com\/de\/datenschutzerklaerung\/#breadcrumb","itemListElement":[{"@type":"ListItem","position":1,"name":"Startseite","item":"https:\/\/www.kawayanholidayresort.com\/de\/"},{"@type":"ListItem","position":2,"name":"Datenschutzerkl\u00e4rung"}]},{"@type":"WebSite","@id":"https:\/\/www.kawayanholidayresort.com\/de\/#website","url":"https:\/\/www.kawayanholidayresort.com\/de\/","name":"Kawayan Holiday Resort","description":"Erstklassiges European Boutique Resort, Spa &amp; Tauchbasis Siquijor","publisher":{"@id":"https:\/\/www.kawayanholidayresort.com\/de\/#organization"},"potentialAction":[{"@type":"SearchAction","target":{"@type":"EntryPoint","urlTemplate":"https:\/\/www.kawayanholidayresort.com\/de\/?s={search_term_string}"},"query-input":{"@type":"PropertyValueSpecification","valueRequired":true,"valueName":"search_term_string"}}],"inLanguage":"de"},{"@type":"Organization","@id":"https:\/\/www.kawayanholidayresort.com\/de\/#organization","name":"Kawayan Holiday Resort","url":"https:\/\/www.kawayanholidayresort.com\/de\/","logo":{"@type":"ImageObject","inLanguage":"de","@id":"https:\/\/www.kawayanholidayresort.com\/de\/#\/schema\/logo\/image\/","url":"https:\/\/www.kawayanholidayresort.com\/wp-content\/uploads\/2021\/08\/Logo2021_Color_Dark_300.png","contentUrl":"https:\/\/www.kawayanholidayresort.com\/wp-content\/uploads\/2021\/08\/Logo2021_Color_Dark_300.png","width":300,"height":104,"caption":"Kawayan Holiday Resort"},"image":{"@id":"https:\/\/www.kawayanholidayresort.com\/de\/#\/schema\/logo\/image\/"}}]}},"_links":{"self":[{"href":"https:\/\/www.kawayanholidayresort.com\/de\/wp-json\/wp\/v2\/pages\/10864","targetHints":{"allow":["GET"]}}],"collection":[{"href":"https:\/\/www.kawayanholidayresort.com\/de\/wp-json\/wp\/v2\/pages"}],"about":[{"href":"https:\/\/www.kawayanholidayresort.com\/de\/wp-json\/wp\/v2\/types\/page"}],"author":[{"embeddable":true,"href":"https:\/\/www.kawayanholidayresort.com\/de\/wp-json\/wp\/v2\/users\/1"}],"replies":[{"embeddable":true,"href":"https:\/\/www.kawayanholidayresort.com\/de\/wp-json\/wp\/v2\/comments?post=10864"}],"version-history":[{"count":0,"href":"https:\/\/www.kawayanholidayresort.com\/de\/wp-json\/wp\/v2\/pages\/10864\/revisions"}],"wp:attachment":[{"href":"https:\/\/www.kawayanholidayresort.com\/de\/wp-json\/wp\/v2\/media?parent=10864"}],"curies":[{"name":"wp","href":"https:\/\/api.w.org\/{rel}","templated":true}]}}